{"id":28741,"date":"2024-09-06T15:28:55","date_gmt":"2024-09-06T13:28:55","guid":{"rendered":"https:\/\/spis.whad.sk\/index.php\/pear-1343\/"},"modified":"2024-10-03T20:49:19","modified_gmt":"2024-10-03T18:49:19","slug":"pear-1343","status":"publish","type":"page","link":"https:\/\/spisoriginal.sk\/en\/pear-1343\/","title":{"rendered":"Pear &#8211; 1343"},"content":{"rendered":"\t\t<div data-elementor-type=\"wp-page\" data-elementor-id=\"28741\" class=\"elementor elementor-28741 elementor-27874\" data-elementor-post-type=\"page\">\n\t\t\t\t<div class=\"elementor-element elementor-element-66f027e wd-section-stretch-content e-flex e-con-boxed e-con e-parent\" data-id=\"66f027e\" data-element_type=\"container\" data-settings=\"{&quot;background_background&quot;:&quot;classic&quot;}\">\n\t\t\t\t\t<div class=\"e-con-inner\">\n\t\t\t\t<div class=\"elementor-element elementor-element-a9d8b5a elementor-widget elementor-widget-spacer\" data-id=\"a9d8b5a\" data-element_type=\"widget\" data-widget_type=\"spacer.default\">\n\t\t\t\t<div class=\"elementor-widget-container\">\n\t\t\t<style>\/*! elementor - v3.23.0 - 05-08-2024 *\/\n.elementor-column .elementor-spacer-inner{height:var(--spacer-size)}.e-con{--container-widget-width:100%}.e-con-inner>.elementor-widget-spacer,.e-con>.elementor-widget-spacer{width:var(--container-widget-width,var(--spacer-size));--align-self:var(--container-widget-align-self,initial);--flex-shrink:0}.e-con-inner>.elementor-widget-spacer>.elementor-widget-container,.e-con>.elementor-widget-spacer>.elementor-widget-container{height:100%;width:100%}.e-con-inner>.elementor-widget-spacer>.elementor-widget-container>.elementor-spacer,.e-con>.elementor-widget-spacer>.elementor-widget-container>.elementor-spacer{height:100%}.e-con-inner>.elementor-widget-spacer>.elementor-widget-container>.elementor-spacer>.elementor-spacer-inner,.e-con>.elementor-widget-spacer>.elementor-widget-container>.elementor-spacer>.elementor-spacer-inner{height:var(--container-widget-height,var(--spacer-size))}.e-con-inner>.elementor-widget-spacer.elementor-widget-empty,.e-con>.elementor-widget-spacer.elementor-widget-empty{position:relative;min-height:22px;min-width:22px}.e-con-inner>.elementor-widget-spacer.elementor-widget-empty .elementor-widget-empty-icon,.e-con>.elementor-widget-spacer.elementor-widget-empty .elementor-widget-empty-icon{position:absolute;top:0;bottom:0;left:0;right:0;margin:auto;padding:0;width:22px;height:22px}<\/style>\t\t<div class=\"elementor-spacer\">\n\t\t\t<div class=\"elementor-spacer-inner\"><\/div>\n\t\t<\/div>\n\t\t\t\t<\/div>\n\t\t\t\t<\/div>\n\t\t\t\t\t<\/div>\n\t\t\t\t<\/div>\n\t\t<div class=\"wd-negative-gap elementor-element elementor-element-7741895 wd-section-stretch e-flex e-con-boxed e-con e-parent\" data-id=\"7741895\" data-element_type=\"container\" data-settings=\"{&quot;background_background&quot;:&quot;classic&quot;}\">\n\t\t\t\t\t<div class=\"e-con-inner\">\n\t\t<div class=\"elementor-element elementor-element-f860345 e-con-full e-flex e-con e-child\" data-id=\"f860345\" data-element_type=\"container\">\n\t\t\t\t<div class=\"elementor-element elementor-element-f74d41c elementor-position-top elementor-widget elementor-widget-image-box\" data-id=\"f74d41c\" data-element_type=\"widget\" data-widget_type=\"image-box.default\">\n\t\t\t\t<div class=\"elementor-widget-container\">\n\t\t\t<style>.elementor-widget-image-box .elementor-image-box-content{width:100%}@media (min-width:769px){.elementor-widget-image-box.elementor-position-left .elementor-image-box-wrapper,.elementor-widget-image-box.elementor-position-right .elementor-image-box-wrapper{display:flex}.elementor-widget-image-box.elementor-position-right .elementor-image-box-wrapper{text-align:end;flex-direction:row-reverse}.elementor-widget-image-box.elementor-position-left .elementor-image-box-wrapper{text-align:start;flex-direction:row}.elementor-widget-image-box.elementor-position-top .elementor-image-box-img{margin:auto}.elementor-widget-image-box.elementor-vertical-align-top .elementor-image-box-wrapper{align-items:flex-start}.elementor-widget-image-box.elementor-vertical-align-middle .elementor-image-box-wrapper{align-items:center}.elementor-widget-image-box.elementor-vertical-align-bottom .elementor-image-box-wrapper{align-items:flex-end}}@media (max-width:768px){.elementor-widget-image-box .elementor-image-box-img{margin-left:auto!important;margin-right:auto!important;margin-bottom:15px}}.elementor-widget-image-box .elementor-image-box-img{display:inline-block}.elementor-widget-image-box .elementor-image-box-title a{color:inherit}.elementor-widget-image-box .elementor-image-box-wrapper{text-align:center}.elementor-widget-image-box .elementor-image-box-description{margin:0}<\/style><div class=\"elementor-image-box-wrapper\"><figure class=\"elementor-image-box-img\"><img fetchpriority=\"high\" decoding=\"async\" width=\"300\" height=\"550\" src=\"https:\/\/spisoriginal.sk\/wp-content\/uploads\/2024\/09\/hruska.png\" class=\"attachment-full size-full wp-image-27753\" alt=\"\" srcset=\"https:\/\/spisoriginal.sk\/wp-content\/uploads\/2024\/09\/hruska.png 300w, https:\/\/spisoriginal.sk\/wp-content\/uploads\/2024\/09\/hruska-150x275.png 150w, https:\/\/spisoriginal.sk\/wp-content\/uploads\/2024\/09\/hruska-164x300.png 164w\" sizes=\"(max-width: 300px) 100vw, 300px\" \/><\/figure><\/div>\t\t<\/div>\n\t\t\t\t<\/div>\n\t\t\t\t<\/div>\n\t\t<div class=\"elementor-element elementor-element-4e46225 e-con-full elementor-hidden-tablet elementor-hidden-mobile e-flex e-con e-child\" data-id=\"4e46225\" data-element_type=\"container\">\n\t\t\t\t<div class=\"elementor-element elementor-element-cda24d4 wd-width-100 elementor-widget elementor-widget-wd_title\" data-id=\"cda24d4\" data-element_type=\"widget\" data-widget_type=\"wd_title.default\">\n\t\t\t\t<div class=\"elementor-widget-container\">\n\t\t\t\t\t<div class=\"title-wrapper set-mb-s reset-last-child wd-title-color-default wd-title-style-default wd-title-size-default text-left\">\n\n\t\t\t\n\t\t\t<div class=\"liner-continer\">\n\t\t\t\t<h4 class=\"woodmart-title-container title wd-fontsize-l\">1343 pear<\/h4> \n\t\t\t\t\t\t\t<\/div>\n\n\t\t\t\t\t\t\t<div class=\"title-after_title set-cont-mb-s reset-last-child wd-fontsize-xs\">\n\t\t\t\t\t<p>Let yourself be carried away by the unique taste of life.<br \/>\nThe original taste of genuine pear spirit, cut with grain spirit and macerate aged in oak barrels offers you fateful encounters. <\/p><p>Since time immemorial, the inhabitants of Spi\u0161 have received many privileges from all kings.<br \/>\nIn 1343, King Ludov\u00edt the Great of Hungary elevated \u013dubov\u0148a to a free royal town and granted it extensive privileges.<br \/>\nThe most important privilege was the right to a free tap, which allowed the inhabitants to make wine, beer and distill brandy.<br \/>\nProceeds from the tapping right could be used by the inhabitants of \u013dubov\u0148a \"for their own benefit\".     <\/p>\t\t\t\t<\/div>\n\t\t\t\t\t<\/div>\n\t\t\t\t<\/div>\n\t\t\t\t<\/div>\n\t\t\t\t<\/div>\n\t\t<div class=\"elementor-element elementor-element-1c06c28 e-con-full elementor-hidden-desktop e-flex e-con e-child\" data-id=\"1c06c28\" data-element_type=\"container\">\n\t\t\t\t<div class=\"elementor-element elementor-element-8dcc816 wd-width-100 elementor-widget elementor-widget-wd_title\" data-id=\"8dcc816\" data-element_type=\"widget\" data-widget_type=\"wd_title.default\">\n\t\t\t\t<div class=\"elementor-widget-container\">\n\t\t\t\t\t<div class=\"title-wrapper set-mb-s reset-last-child wd-title-color-default wd-title-style-default wd-title-size-default text-center\">\n\n\t\t\t\n\t\t\t<div class=\"liner-continer\">\n\t\t\t\t<h4 class=\"woodmart-title-container title wd-fontsize-l\">1343<br \/>\npear<\/h4> \n\t\t\t\t\t\t\t<\/div>\n\n\t\t\t\t\t\t\t<div class=\"title-after_title set-cont-mb-s reset-last-child wd-fontsize-xs\">\n\t\t\t\t\t<p>Let yourself be carried away by the unique taste of life.<br \/>\nThe original taste of genuine pear spirit, cut with grain spirit and macerate aged in oak barrels offers you fateful encounters. <\/p><p>Since time immemorial, the inhabitants of Spi\u0161 have received many privileges from all kings.<br \/>\nIn 1343, King Ludov\u00edt the Great of Hungary elevated \u013dubov\u0148a to a free royal town and granted it extensive privileges.<br \/>\nThe most important privilege was the right to a free tap, which allowed the inhabitants to make wine, beer and distill brandy.<br \/>\nProceeds from the tapping right could be used by the inhabitants of \u013dubov\u0148a \"for their own benefit\".     <\/p>\t\t\t\t<\/div>\n\t\t\t\t\t<\/div>\n\t\t\t\t<\/div>\n\t\t\t\t<\/div>\n\t\t\t\t<\/div>\n\t\t\t\t\t<\/div>\n\t\t\t\t<\/div>\n\t\t<div class=\"elementor-element elementor-element-4d2b72f wd-section-stretch-content e-flex e-con-boxed e-con e-parent\" data-id=\"4d2b72f\" data-element_type=\"container\" data-settings=\"{&quot;background_background&quot;:&quot;classic&quot;}\">\n\t\t\t\t\t<div class=\"e-con-inner\">\n\t\t<div class=\"elementor-element elementor-element-d231355 e-con-full e-flex e-con e-child\" data-id=\"d231355\" data-element_type=\"container\">\n\t\t\t\t<div class=\"elementor-element elementor-element-07f1c4b wd-width-100 elementor-widget elementor-widget-wd_title\" data-id=\"07f1c4b\" data-element_type=\"widget\" data-widget_type=\"wd_title.default\">\n\t\t\t\t<div class=\"elementor-widget-container\">\n\t\t\t\t\t<div class=\"title-wrapper set-mb-s reset-last-child wd-title-color-default wd-title-style-default wd-title-size-default text-center\">\n\n\t\t\t\t\t\t\t<div class=\"title-subtitle subtitle-color-default subtitle-style-default wd-fontsize-xs\">\n\t\t\t\t\t1343 ORIGINAL\t\t\t\t<\/div>\n\t\t\t\n\t\t\t<div class=\"liner-continer\">\n\t\t\t\t<h4 class=\"woodmart-title-container title wd-fontsize-l\">PRODUCTS  <\/h4> \n\t\t\t\t\t\t\t<\/div>\n\n\t\t\t\t\t<\/div>\n\t\t\t\t<\/div>\n\t\t\t\t<\/div>\n\t\t\t\t<\/div>\n\t\t\t\t\t<\/div>\n\t\t\t\t<\/div>\n\t\t<div class=\"wd-negative-gap elementor-element elementor-element-3344696 wd-section-stretch e-flex e-con-boxed e-con e-parent\" data-id=\"3344696\" data-element_type=\"container\" data-settings=\"{&quot;background_background&quot;:&quot;classic&quot;}\">\n\t\t\t\t\t<div class=\"e-con-inner\">\n\t\t<div class=\"elementor-element elementor-element-0d26cfd e-con-full e-flex e-con e-child\" data-id=\"0d26cfd\" data-element_type=\"container\">\n\t\t\t\t<div class=\"elementor-element elementor-element-1be15e4 elementor-position-top elementor-widget elementor-widget-image-box\" data-id=\"1be15e4\" data-element_type=\"widget\" data-widget_type=\"image-box.default\">\n\t\t\t\t<div class=\"elementor-widget-container\">\n\t\t\t<div class=\"elementor-image-box-wrapper\"><figure class=\"elementor-image-box-img\"><a href=\"https:\/\/spisoriginal.sk\/en\/index.php\/pear-1343\/\" tabindex=\"-1\"><img fetchpriority=\"high\" decoding=\"async\" width=\"300\" height=\"550\" src=\"https:\/\/spisoriginal.sk\/wp-content\/uploads\/2024\/09\/hruska.png\" class=\"attachment-full size-full wp-image-27753\" alt=\"\" srcset=\"https:\/\/spisoriginal.sk\/wp-content\/uploads\/2024\/09\/hruska.png 300w, https:\/\/spisoriginal.sk\/wp-content\/uploads\/2024\/09\/hruska-150x275.png 150w, https:\/\/spisoriginal.sk\/wp-content\/uploads\/2024\/09\/hruska-164x300.png 164w\" sizes=\"(max-width: 300px) 100vw, 300px\" \/><\/a><\/figure><\/div>\t\t<\/div>\n\t\t\t\t<\/div>\n\t\t\t\t<div class=\"elementor-element elementor-element-5d18349 wd-width-100 elementor-widget elementor-widget-wd_title\" data-id=\"5d18349\" data-element_type=\"widget\" data-widget_type=\"wd_title.default\">\n\t\t\t\t<div class=\"elementor-widget-container\">\n\t\t\t\t\t<div class=\"title-wrapper set-mb-s reset-last-child wd-title-color-default wd-title-style-default wd-title-size-default text-center\">\n\n\t\t\t\n\t\t\t<div class=\"liner-continer\">\n\t\t\t\t<h4 class=\"woodmart-title-container title wd-fontsize-l\">1343 PEAR<\/h4> \n\t\t\t\t\t\t\t<\/div>\n\n\t\t\t\t\t\t\t<div class=\"title-after_title set-cont-mb-s reset-last-child wd-fontsize-xs\">\n\t\t\t\t\t<p><br><br>Let yourself be carried away by the unique taste of life. The original taste of genuine pear spirit, cut with grain spirit and macerate aged in oak barrels offers you fateful encounters. <\/p>\t\t\t\t<\/div>\n\t\t\t\t\t<\/div>\n\t\t\t\t<\/div>\n\t\t\t\t<\/div>\n\t\t\t\t<\/div>\n\t\t<div class=\"elementor-element elementor-element-eeabeb5 e-con-full e-flex e-con e-child\" data-id=\"eeabeb5\" data-element_type=\"container\">\n\t\t\t\t<div class=\"elementor-element elementor-element-ffc77e9 elementor-position-top elementor-widget elementor-widget-image-box\" data-id=\"ffc77e9\" data-element_type=\"widget\" data-widget_type=\"image-box.default\">\n\t\t\t\t<div class=\"elementor-widget-container\">\n\t\t\t<div class=\"elementor-image-box-wrapper\"><figure class=\"elementor-image-box-img\"><a href=\"https:\/\/spisoriginal.sk\/en\/cherry-1343\/\" tabindex=\"-1\"><img decoding=\"async\" width=\"300\" height=\"550\" src=\"https:\/\/spisoriginal.sk\/wp-content\/uploads\/2024\/09\/visna.png\" class=\"attachment-full size-full wp-image-27754\" alt=\"\" srcset=\"https:\/\/spisoriginal.sk\/wp-content\/uploads\/2024\/09\/visna.png 300w, https:\/\/spisoriginal.sk\/wp-content\/uploads\/2024\/09\/visna-150x275.png 150w, https:\/\/spisoriginal.sk\/wp-content\/uploads\/2024\/09\/visna-164x300.png 164w\" sizes=\"(max-width: 300px) 100vw, 300px\" \/><\/a><\/figure><\/div>\t\t<\/div>\n\t\t\t\t<\/div>\n\t\t\t\t<div class=\"elementor-element elementor-element-4b5038b wd-width-100 elementor-widget elementor-widget-wd_title\" data-id=\"4b5038b\" data-element_type=\"widget\" data-widget_type=\"wd_title.default\">\n\t\t\t\t<div class=\"elementor-widget-container\">\n\t\t\t\t\t<div class=\"title-wrapper set-mb-s reset-last-child wd-title-color-default wd-title-style-default wd-title-size-default text-center\">\n\n\t\t\t\n\t\t\t<div class=\"liner-continer\">\n\t\t\t\t<h4 class=\"woodmart-title-container title wd-fontsize-l\">1343 CHERRY<\/h4> \n\t\t\t\t\t\t\t<\/div>\n\n\t\t\t\t\t\t\t<div class=\"title-after_title set-cont-mb-s reset-last-child wd-fontsize-xs\">\n\t\t\t\t\t<p><br><br>Taste the delicate combination of flavours. The original taste of genuine cherry spirit, cut with grain spirit and macerate aged in oak barrels will enchant you and bring you to a summer full of passion. <\/p>\t\t\t\t<\/div>\n\t\t\t\t\t<\/div>\n\t\t\t\t<\/div>\n\t\t\t\t<\/div>\n\t\t\t\t<\/div>\n\t\t<div class=\"elementor-element elementor-element-186c5b5 e-con-full e-flex e-con e-child\" data-id=\"186c5b5\" data-element_type=\"container\">\n\t\t\t\t<div class=\"elementor-element elementor-element-069dbea elementor-position-top elementor-widget elementor-widget-image-box\" data-id=\"069dbea\" data-element_type=\"widget\" data-widget_type=\"image-box.default\">\n\t\t\t\t<div class=\"elementor-widget-container\">\n\t\t\t<div class=\"elementor-image-box-wrapper\"><figure class=\"elementor-image-box-img\"><a href=\"https:\/\/spisoriginal.sk\/en\/index.php\/blackcurrant-elderberry-1343\/\" tabindex=\"-1\"><img decoding=\"async\" width=\"300\" height=\"550\" src=\"https:\/\/spisoriginal.sk\/wp-content\/uploads\/2024\/09\/ribezla-2.png\" class=\"attachment-full size-full wp-image-27757\" alt=\"\" srcset=\"https:\/\/spisoriginal.sk\/wp-content\/uploads\/2024\/09\/ribezla-2.png 300w, https:\/\/spisoriginal.sk\/wp-content\/uploads\/2024\/09\/ribezla-2-150x275.png 150w, https:\/\/spisoriginal.sk\/wp-content\/uploads\/2024\/09\/ribezla-2-164x300.png 164w\" sizes=\"(max-width: 300px) 100vw, 300px\" \/><\/a><\/figure><\/div>\t\t<\/div>\n\t\t\t\t<\/div>\n\t\t\t\t<div class=\"elementor-element elementor-element-3438cc5 wd-width-100 elementor-widget elementor-widget-wd_title\" data-id=\"3438cc5\" data-element_type=\"widget\" data-widget_type=\"wd_title.default\">\n\t\t\t\t<div class=\"elementor-widget-container\">\n\t\t\t\t\t<div class=\"title-wrapper set-mb-s reset-last-child wd-title-color-default wd-title-style-default wd-title-size-default text-center\">\n\n\t\t\t\n\t\t\t<div class=\"liner-continer\">\n\t\t\t\t<h4 class=\"woodmart-title-container title wd-fontsize-l\">1343 BLACKCURRANT ELDERBERRY<\/h4> \n\t\t\t\t\t\t\t<\/div>\n\n\t\t\t\t\t\t\t<div class=\"title-after_title set-cont-mb-s reset-last-child wd-fontsize-xs\">\n\t\t\t\t\t<p>The original taste of the genuine fruit spirit combined with the base, cut grain spirit and macerate aged in oak barrels will keep you in suspense until the last sip.<\/p>\t\t\t\t<\/div>\n\t\t\t\t\t<\/div>\n\t\t\t\t<\/div>\n\t\t\t\t<\/div>\n\t\t\t\t<\/div>\n\t\t<div class=\"elementor-element elementor-element-0a42087 e-con-full e-flex e-con e-child\" data-id=\"0a42087\" data-element_type=\"container\">\n\t\t\t\t<div class=\"elementor-element elementor-element-c7ee99f elementor-position-top elementor-widget elementor-widget-image-box\" data-id=\"c7ee99f\" data-element_type=\"widget\" data-widget_type=\"image-box.default\">\n\t\t\t\t<div class=\"elementor-widget-container\">\n\t\t\t<div class=\"elementor-image-box-wrapper\"><figure class=\"elementor-image-box-img\"><a href=\"https:\/\/spisoriginal.sk\/en\/index.php\/slivka-1343\/\" tabindex=\"-1\"><img loading=\"lazy\" decoding=\"async\" width=\"300\" height=\"550\" src=\"https:\/\/spisoriginal.sk\/wp-content\/uploads\/2024\/09\/slivkaaa-1.png\" class=\"attachment-full size-full wp-image-27758\" alt=\"\" srcset=\"https:\/\/spisoriginal.sk\/wp-content\/uploads\/2024\/09\/slivkaaa-1.png 300w, https:\/\/spisoriginal.sk\/wp-content\/uploads\/2024\/09\/slivkaaa-1-150x275.png 150w, https:\/\/spisoriginal.sk\/wp-content\/uploads\/2024\/09\/slivkaaa-1-164x300.png 164w\" sizes=\"(max-width: 300px) 100vw, 300px\" \/><\/a><\/figure><\/div>\t\t<\/div>\n\t\t\t\t<\/div>\n\t\t\t\t<div class=\"elementor-element elementor-element-d0f15c3 wd-width-100 elementor-widget elementor-widget-wd_title\" data-id=\"d0f15c3\" data-element_type=\"widget\" data-widget_type=\"wd_title.default\">\n\t\t\t\t<div class=\"elementor-widget-container\">\n\t\t\t\t\t<div class=\"title-wrapper set-mb-s reset-last-child wd-title-color-default wd-title-style-default wd-title-size-default text-center\">\n\n\t\t\t\n\t\t\t<div class=\"liner-continer\">\n\t\t\t\t<h4 class=\"woodmart-title-container title wd-fontsize-l\">1343 PLUM<\/h4> \n\t\t\t\t\t\t\t<\/div>\n\n\t\t\t\t\t\t\t<div class=\"title-after_title set-cont-mb-s reset-last-child wd-fontsize-xs\">\n\t\t\t\t\t<p><br><br>The original taste of genuine plum spirit, cut with grain spirit and macerate aged in oak barrels will bring you back to home. We offer you a delicate combination full of emotions. <\/p>\t\t\t\t<\/div>\n\t\t\t\t\t<\/div>\n\t\t\t\t<\/div>\n\t\t\t\t<\/div>\n\t\t\t\t<\/div>\n\t\t\t\t\t<\/div>\n\t\t\t\t<\/div>\n\t\t\t\t<\/div>\n\t\t","protected":false},"excerpt":{"rendered":"<p>1343 pear Let yourself be carried away by the unique taste of life. The original taste of genuine pear spirit,<\/p>\n","protected":false},"author":1,"featured_media":0,"parent":0,"menu_order":0,"comment_status":"closed","ping_status":"closed","template":"elementor_header_footer","meta":{"footnotes":""},"class_list":["post-28741","page","type-page","status-publish","hentry"],"_links":{"self":[{"href":"https:\/\/spisoriginal.sk\/en\/wp-json\/wp\/v2\/pages\/28741","targetHints":{"allow":["GET"]}}],"collection":[{"href":"https:\/\/spisoriginal.sk\/en\/wp-json\/wp\/v2\/pages"}],"about":[{"href":"https:\/\/spisoriginal.sk\/en\/wp-json\/wp\/v2\/types\/page"}],"author":[{"embeddable":true,"href":"https:\/\/spisoriginal.sk\/en\/wp-json\/wp\/v2\/users\/1"}],"replies":[{"embeddable":true,"href":"https:\/\/spisoriginal.sk\/en\/wp-json\/wp\/v2\/comments?post=28741"}],"version-history":[{"count":4,"href":"https:\/\/spisoriginal.sk\/en\/wp-json\/wp\/v2\/pages\/28741\/revisions"}],"predecessor-version":[{"id":28861,"href":"https:\/\/spisoriginal.sk\/en\/wp-json\/wp\/v2\/pages\/28741\/revisions\/28861"}],"wp:attachment":[{"href":"https:\/\/spisoriginal.sk\/en\/wp-json\/wp\/v2\/media?parent=28741"}],"curies":[{"name":"wp","href":"https:\/\/api.w.org\/{rel}","templated":true}]}}