{"id":28748,"date":"2024-09-06T16:01:21","date_gmt":"2024-09-06T14:01:21","guid":{"rendered":"https:\/\/spis.whad.sk\/spis-borovicka\/"},"modified":"2024-10-03T20:29:41","modified_gmt":"2024-10-03T18:29:41","slug":"spis-borovicka","status":"publish","type":"page","link":"https:\/\/spisoriginal.sk\/en\/spis-borovicka\/","title":{"rendered":"Spi\u0161 Borovi\u010dka"},"content":{"rendered":"\t\t<div data-elementor-type=\"wp-page\" data-elementor-id=\"28748\" class=\"elementor elementor-28748 elementor-27933\" data-elementor-post-type=\"page\">\n\t\t\t\t<div class=\"elementor-element elementor-element-66f027e wd-section-stretch-content e-flex e-con-boxed e-con e-parent\" data-id=\"66f027e\" data-element_type=\"container\" data-settings=\"{&quot;background_background&quot;:&quot;classic&quot;}\">\n\t\t\t\t\t<div class=\"e-con-inner\">\n\t\t\t\t<div class=\"elementor-element elementor-element-a9d8b5a elementor-widget elementor-widget-spacer\" data-id=\"a9d8b5a\" data-element_type=\"widget\" data-widget_type=\"spacer.default\">\n\t\t\t\t<div class=\"elementor-widget-container\">\n\t\t\t<style>\/*! elementor - v3.23.0 - 05-08-2024 *\/\n.elementor-column .elementor-spacer-inner{height:var(--spacer-size)}.e-con{--container-widget-width:100%}.e-con-inner>.elementor-widget-spacer,.e-con>.elementor-widget-spacer{width:var(--container-widget-width,var(--spacer-size));--align-self:var(--container-widget-align-self,initial);--flex-shrink:0}.e-con-inner>.elementor-widget-spacer>.elementor-widget-container,.e-con>.elementor-widget-spacer>.elementor-widget-container{height:100%;width:100%}.e-con-inner>.elementor-widget-spacer>.elementor-widget-container>.elementor-spacer,.e-con>.elementor-widget-spacer>.elementor-widget-container>.elementor-spacer{height:100%}.e-con-inner>.elementor-widget-spacer>.elementor-widget-container>.elementor-spacer>.elementor-spacer-inner,.e-con>.elementor-widget-spacer>.elementor-widget-container>.elementor-spacer>.elementor-spacer-inner{height:var(--container-widget-height,var(--spacer-size))}.e-con-inner>.elementor-widget-spacer.elementor-widget-empty,.e-con>.elementor-widget-spacer.elementor-widget-empty{position:relative;min-height:22px;min-width:22px}.e-con-inner>.elementor-widget-spacer.elementor-widget-empty .elementor-widget-empty-icon,.e-con>.elementor-widget-spacer.elementor-widget-empty .elementor-widget-empty-icon{position:absolute;top:0;bottom:0;left:0;right:0;margin:auto;padding:0;width:22px;height:22px}<\/style>\t\t<div class=\"elementor-spacer\">\n\t\t\t<div class=\"elementor-spacer-inner\"><\/div>\n\t\t<\/div>\n\t\t\t\t<\/div>\n\t\t\t\t<\/div>\n\t\t\t\t\t<\/div>\n\t\t\t\t<\/div>\n\t\t<div class=\"wd-negative-gap elementor-element elementor-element-7741895 wd-section-stretch e-flex e-con-boxed e-con e-parent\" data-id=\"7741895\" data-element_type=\"container\" data-settings=\"{&quot;background_background&quot;:&quot;classic&quot;}\">\n\t\t\t\t\t<div class=\"e-con-inner\">\n\t\t<div class=\"elementor-element elementor-element-f860345 e-con-full e-flex e-con e-child\" data-id=\"f860345\" data-element_type=\"container\">\n\t\t\t\t<div class=\"elementor-element elementor-element-f74d41c elementor-position-top elementor-widget elementor-widget-image-box\" data-id=\"f74d41c\" data-element_type=\"widget\" data-widget_type=\"image-box.default\">\n\t\t\t\t<div class=\"elementor-widget-container\">\n\t\t\t<style>.elementor-widget-image-box .elementor-image-box-content{width:100%}@media (min-width:769px){.elementor-widget-image-box.elementor-position-left .elementor-image-box-wrapper,.elementor-widget-image-box.elementor-position-right .elementor-image-box-wrapper{display:flex}.elementor-widget-image-box.elementor-position-right .elementor-image-box-wrapper{text-align:end;flex-direction:row-reverse}.elementor-widget-image-box.elementor-position-left .elementor-image-box-wrapper{text-align:start;flex-direction:row}.elementor-widget-image-box.elementor-position-top .elementor-image-box-img{margin:auto}.elementor-widget-image-box.elementor-vertical-align-top .elementor-image-box-wrapper{align-items:flex-start}.elementor-widget-image-box.elementor-vertical-align-middle .elementor-image-box-wrapper{align-items:center}.elementor-widget-image-box.elementor-vertical-align-bottom .elementor-image-box-wrapper{align-items:flex-end}}@media (max-width:768px){.elementor-widget-image-box .elementor-image-box-img{margin-left:auto!important;margin-right:auto!important;margin-bottom:15px}}.elementor-widget-image-box .elementor-image-box-img{display:inline-block}.elementor-widget-image-box .elementor-image-box-title a{color:inherit}.elementor-widget-image-box .elementor-image-box-wrapper{text-align:center}.elementor-widget-image-box .elementor-image-box-description{margin:0}<\/style><div class=\"elementor-image-box-wrapper\"><figure class=\"elementor-image-box-img\"><img fetchpriority=\"high\" decoding=\"async\" width=\"300\" height=\"550\" src=\"https:\/\/spisoriginal.sk\/wp-content\/uploads\/2024\/09\/borovickaaa.png\" class=\"attachment-full size-full wp-image-27730\" alt=\"\" srcset=\"https:\/\/spisoriginal.sk\/wp-content\/uploads\/2024\/09\/borovickaaa.png 300w, https:\/\/spisoriginal.sk\/wp-content\/uploads\/2024\/09\/borovickaaa-150x275.png 150w, https:\/\/spisoriginal.sk\/wp-content\/uploads\/2024\/09\/borovickaaa-164x300.png 164w\" sizes=\"(max-width: 300px) 100vw, 300px\" \/><\/figure><\/div>\t\t<\/div>\n\t\t\t\t<\/div>\n\t\t\t\t<\/div>\n\t\t<div class=\"elementor-element elementor-element-4e46225 e-con-full e-flex e-con e-child\" data-id=\"4e46225\" data-element_type=\"container\">\n\t\t\t\t<div class=\"elementor-element elementor-element-cda24d4 elementor-hidden-tablet elementor-hidden-mobile wd-width-100 elementor-widget elementor-widget-wd_title\" data-id=\"cda24d4\" data-element_type=\"widget\" data-widget_type=\"wd_title.default\">\n\t\t\t\t<div class=\"elementor-widget-container\">\n\t\t\t\t\t<div class=\"title-wrapper set-mb-s reset-last-child wd-title-color-default wd-title-style-default wd-title-size-default text-left\">\n\n\t\t\t\n\t\t\t<div class=\"liner-continer\">\n\t\t\t\t<h4 class=\"woodmart-title-container title wd-fontsize-l\">PINE TREE<\/h4> \n\t\t\t\t\t\t\t<\/div>\n\n\t\t\t\t\t\t\t<div class=\"title-after_title set-cont-mb-s reset-last-child wd-fontsize-xs\">\n\t\t\t\t\t<p>A traditional yet exclusive branded spirit based on high quality natural pine spirit.<\/p><p>From time immemorial, the inhabitants of Spi\u0161 received many privileges from all the kings. It was 1343, the Hungarian king Ludov\u00edt the Great elevated \u013dubov\u0148a to a free royal city and granted it extensive privileges. The most important privilege was the right to a free tap, this allowed the residents to finish wine, beer and burn schnapps. The people of \u013dubovna could use the income from the tap right \"for their own benefit\".    <\/p>\t\t\t\t<\/div>\n\t\t\t\t\t<\/div>\n\t\t\t\t<\/div>\n\t\t\t\t<\/div>\n\t\t\t\t<div class=\"elementor-element elementor-element-54f1f3e elementor-hidden-desktop wd-width-100 elementor-widget elementor-widget-wd_title\" data-id=\"54f1f3e\" data-element_type=\"widget\" data-widget_type=\"wd_title.default\">\n\t\t\t\t<div class=\"elementor-widget-container\">\n\t\t\t\t\t<div class=\"title-wrapper set-mb-s reset-last-child wd-title-color-default wd-title-style-default wd-title-size-default text-center\">\n\n\t\t\t\n\t\t\t<div class=\"liner-continer\">\n\t\t\t\t<h4 class=\"woodmart-title-container title wd-fontsize-l\">PINE TREE<\/h4> \n\t\t\t\t\t\t\t<\/div>\n\n\t\t\t\t\t\t\t<div class=\"title-after_title set-cont-mb-s reset-last-child wd-fontsize-xs\">\n\t\t\t\t\t<p>A traditional yet exclusive branded spirit based on high quality natural pine spirit.<\/p><p>From time immemorial, the inhabitants of Spi\u0161 received many privileges from all the kings. It was 1343, the Hungarian king Ludov\u00edt the Great elevated \u013dubov\u0148a to a free royal city and granted it extensive privileges. The most important privilege was the right to a free tap, this allowed the residents to finish wine, beer and burn schnapps. The people of \u013dubovna could use the income from the tap right \"for their own benefit\".    <\/p>\t\t\t\t<\/div>\n\t\t\t\t\t<\/div>\n\t\t\t\t<\/div>\n\t\t\t\t<\/div>\n\t\t\t\t<\/div>\n\t\t\t\t\t<\/div>\n\t\t\t\t<\/div>\n\t\t<div class=\"elementor-element elementor-element-4d2b72f wd-section-stretch-content e-flex e-con-boxed e-con e-parent\" data-id=\"4d2b72f\" data-element_type=\"container\" data-settings=\"{&quot;background_background&quot;:&quot;classic&quot;}\">\n\t\t\t\t\t<div class=\"e-con-inner\">\n\t\t<div class=\"elementor-element elementor-element-d231355 e-con-full e-flex e-con e-child\" data-id=\"d231355\" data-element_type=\"container\">\n\t\t\t\t<div class=\"elementor-element elementor-element-07f1c4b wd-width-100 elementor-widget elementor-widget-wd_title\" data-id=\"07f1c4b\" data-element_type=\"widget\" data-widget_type=\"wd_title.default\">\n\t\t\t\t<div class=\"elementor-widget-container\">\n\t\t\t\t\t<div class=\"title-wrapper set-mb-s reset-last-child wd-title-color-default wd-title-style-default wd-title-size-default text-center\">\n\n\t\t\t\t\t\t\t<div class=\"title-subtitle subtitle-color-default subtitle-style-default wd-fontsize-xs\">\n\t\t\t\t\t1343 ORIGINAL\t\t\t\t<\/div>\n\t\t\t\n\t\t\t<div class=\"liner-continer\">\n\t\t\t\t<h4 class=\"woodmart-title-container title wd-fontsize-l\">PRODUCTS  <\/h4> \n\t\t\t\t\t\t\t<\/div>\n\n\t\t\t\t\t<\/div>\n\t\t\t\t<\/div>\n\t\t\t\t<\/div>\n\t\t\t\t<\/div>\n\t\t\t\t\t<\/div>\n\t\t\t\t<\/div>\n\t\t<div class=\"wd-negative-gap elementor-element elementor-element-da40847 wd-section-stretch e-flex e-con-boxed e-con e-parent\" data-id=\"da40847\" data-element_type=\"container\" data-settings=\"{&quot;background_background&quot;:&quot;classic&quot;}\">\n\t\t\t\t\t<div class=\"e-con-inner\">\n\t\t<div class=\"elementor-element elementor-element-9865e2d e-con-full e-flex e-con e-child\" data-id=\"9865e2d\" data-element_type=\"container\">\n\t\t\t\t<div class=\"elementor-element elementor-element-47dc4e0 elementor-position-top elementor-widget elementor-widget-image-box\" data-id=\"47dc4e0\" data-element_type=\"widget\" data-widget_type=\"image-box.default\">\n\t\t\t\t<div class=\"elementor-widget-container\">\n\t\t\t<div class=\"elementor-image-box-wrapper\"><figure class=\"elementor-image-box-img\"><a href=\"https:\/\/spisoriginal.sk\/en\/spis-plum-2\/\" tabindex=\"-1\"><img decoding=\"async\" width=\"300\" height=\"550\" src=\"https:\/\/spisoriginal.sk\/wp-content\/uploads\/2024\/09\/slivka_1.png\" class=\"attachment-full size-full wp-image-27702\" alt=\"\" srcset=\"https:\/\/spisoriginal.sk\/wp-content\/uploads\/2024\/09\/slivka_1.png 300w, https:\/\/spisoriginal.sk\/wp-content\/uploads\/2024\/09\/slivka_1-150x275.png 150w, https:\/\/spisoriginal.sk\/wp-content\/uploads\/2024\/09\/slivka_1-164x300.png 164w\" sizes=\"(max-width: 300px) 100vw, 300px\" \/><\/a><\/figure><\/div>\t\t<\/div>\n\t\t\t\t<\/div>\n\t\t\t\t<div class=\"elementor-element elementor-element-a25536f wd-width-100 elementor-widget elementor-widget-wd_title\" data-id=\"a25536f\" data-element_type=\"widget\" data-widget_type=\"wd_title.default\">\n\t\t\t\t<div class=\"elementor-widget-container\">\n\t\t\t\t\t<div class=\"title-wrapper set-mb-s reset-last-child wd-title-color-default wd-title-style-default wd-title-size-default text-center\">\n\n\t\t\t\n\t\t\t<div class=\"liner-continer\">\n\t\t\t\t<h4 class=\"woodmart-title-container title wd-fontsize-l\">PLUM<\/h4> \n\t\t\t\t\t\t\t<\/div>\n\n\t\t\t\t\t\t\t<div class=\"title-after_title set-cont-mb-s reset-last-child wd-fontsize-xs\">\n\t\t\t\t\t<p>An original product based on plum distillate and extract, which together with the all-natural aroma create a surprising new composition. <\/p>\t\t\t\t<\/div>\n\t\t\t\t\t<\/div>\n\t\t\t\t<\/div>\n\t\t\t\t<\/div>\n\t\t\t\t<\/div>\n\t\t<div class=\"elementor-element elementor-element-3c6e97b e-con-full e-flex e-con e-child\" data-id=\"3c6e97b\" data-element_type=\"container\">\n\t\t\t\t<div class=\"elementor-element elementor-element-b0d2425 elementor-position-top elementor-widget elementor-widget-image-box\" data-id=\"b0d2425\" data-element_type=\"widget\" data-widget_type=\"image-box.default\">\n\t\t\t\t<div class=\"elementor-widget-container\">\n\t\t\t<div class=\"elementor-image-box-wrapper\"><figure class=\"elementor-image-box-img\"><a href=\"https:\/\/spisoriginal.sk\/en\/spis-plum\/\" tabindex=\"-1\"><img decoding=\"async\" width=\"300\" height=\"550\" src=\"https:\/\/spisoriginal.sk\/wp-content\/uploads\/2024\/09\/2_hruska-1.png\" class=\"attachment-full size-full wp-image-27729\" alt=\"\" srcset=\"https:\/\/spisoriginal.sk\/wp-content\/uploads\/2024\/09\/2_hruska-1.png 300w, https:\/\/spisoriginal.sk\/wp-content\/uploads\/2024\/09\/2_hruska-1-150x275.png 150w, https:\/\/spisoriginal.sk\/wp-content\/uploads\/2024\/09\/2_hruska-1-164x300.png 164w\" sizes=\"(max-width: 300px) 100vw, 300px\" \/><\/a><\/figure><\/div>\t\t<\/div>\n\t\t\t\t<\/div>\n\t\t\t\t<div class=\"elementor-element elementor-element-3f184d6 wd-width-100 elementor-widget elementor-widget-wd_title\" data-id=\"3f184d6\" data-element_type=\"widget\" data-widget_type=\"wd_title.default\">\n\t\t\t\t<div class=\"elementor-widget-container\">\n\t\t\t\t\t<div class=\"title-wrapper set-mb-s reset-last-child wd-title-color-default wd-title-style-default wd-title-size-default text-center\">\n\n\t\t\t\n\t\t\t<div class=\"liner-continer\">\n\t\t\t\t<h4 class=\"woodmart-title-container title wd-fontsize-l\">PEAR<\/h4> \n\t\t\t\t\t\t\t<\/div>\n\n\t\t\t\t\t\t\t<div class=\"title-after_title set-cont-mb-s reset-last-child wd-fontsize-xs\">\n\t\t\t\t\t<p>In this product the consumer will find exactly what its name suggests <\/p>\t\t\t\t<\/div>\n\t\t\t\t\t<\/div>\n\t\t\t\t<\/div>\n\t\t\t\t<\/div>\n\t\t\t\t<\/div>\n\t\t<div class=\"elementor-element elementor-element-4091879 e-con-full e-flex e-con e-child\" data-id=\"4091879\" data-element_type=\"container\">\n\t\t\t\t<div class=\"elementor-element elementor-element-ee1b9f2 elementor-position-top elementor-widget elementor-widget-image-box\" data-id=\"ee1b9f2\" data-element_type=\"widget\" data-widget_type=\"image-box.default\">\n\t\t\t\t<div class=\"elementor-widget-container\">\n\t\t\t<div class=\"elementor-image-box-wrapper\"><figure class=\"elementor-image-box-img\"><a href=\"https:\/\/spisoriginal.sk\/en\/spis-apricot\/\" tabindex=\"-1\"><img loading=\"lazy\" decoding=\"async\" width=\"300\" height=\"550\" src=\"https:\/\/spisoriginal.sk\/wp-content\/uploads\/2024\/09\/marhulaaa_3.png\" class=\"attachment-full size-full wp-image-27731\" alt=\"\" srcset=\"https:\/\/spisoriginal.sk\/wp-content\/uploads\/2024\/09\/marhulaaa_3.png 300w, https:\/\/spisoriginal.sk\/wp-content\/uploads\/2024\/09\/marhulaaa_3-150x275.png 150w, https:\/\/spisoriginal.sk\/wp-content\/uploads\/2024\/09\/marhulaaa_3-164x300.png 164w\" sizes=\"(max-width: 300px) 100vw, 300px\" \/><\/a><\/figure><\/div>\t\t<\/div>\n\t\t\t\t<\/div>\n\t\t\t\t<div class=\"elementor-element elementor-element-7b0d29a wd-width-100 elementor-widget elementor-widget-wd_title\" data-id=\"7b0d29a\" data-element_type=\"widget\" data-widget_type=\"wd_title.default\">\n\t\t\t\t<div class=\"elementor-widget-container\">\n\t\t\t\t\t<div class=\"title-wrapper set-mb-s reset-last-child wd-title-color-default wd-title-style-default wd-title-size-default text-center\">\n\n\t\t\t\n\t\t\t<div class=\"liner-continer\">\n\t\t\t\t<h4 class=\"woodmart-title-container title wd-fontsize-l\">APRICOT<\/h4> \n\t\t\t\t\t\t\t<\/div>\n\n\t\t\t\t\t\t\t<div class=\"title-after_title set-cont-mb-s reset-last-child wd-fontsize-xs\">\n\t\t\t\t\t<p>Based on natural fruit ingredients, this product is characterised by the refreshing taste of fruit - namely apricots. <\/p>\t\t\t\t<\/div>\n\t\t\t\t\t<\/div>\n\t\t\t\t<\/div>\n\t\t\t\t<\/div>\n\t\t\t\t<\/div>\n\t\t<div class=\"elementor-element elementor-element-809a522 e-con-full e-flex e-con e-child\" data-id=\"809a522\" data-element_type=\"container\">\n\t\t\t\t<div class=\"elementor-element elementor-element-b5e0de9 elementor-position-top elementor-widget elementor-widget-image-box\" data-id=\"b5e0de9\" data-element_type=\"widget\" data-widget_type=\"image-box.default\">\n\t\t\t\t<div class=\"elementor-widget-container\">\n\t\t\t<div class=\"elementor-image-box-wrapper\"><figure class=\"elementor-image-box-img\"><a href=\"https:\/\/spisoriginal.sk\/en\/spis-borovicka\/\" tabindex=\"-1\"><img fetchpriority=\"high\" decoding=\"async\" width=\"300\" height=\"550\" src=\"https:\/\/spisoriginal.sk\/wp-content\/uploads\/2024\/09\/borovickaaa.png\" class=\"attachment-full size-full wp-image-27730\" alt=\"\" srcset=\"https:\/\/spisoriginal.sk\/wp-content\/uploads\/2024\/09\/borovickaaa.png 300w, https:\/\/spisoriginal.sk\/wp-content\/uploads\/2024\/09\/borovickaaa-150x275.png 150w, https:\/\/spisoriginal.sk\/wp-content\/uploads\/2024\/09\/borovickaaa-164x300.png 164w\" sizes=\"(max-width: 300px) 100vw, 300px\" \/><\/a><\/figure><\/div>\t\t<\/div>\n\t\t\t\t<\/div>\n\t\t\t\t<div class=\"elementor-element elementor-element-570672c wd-width-100 elementor-widget elementor-widget-wd_title\" data-id=\"570672c\" data-element_type=\"widget\" data-widget_type=\"wd_title.default\">\n\t\t\t\t<div class=\"elementor-widget-container\">\n\t\t\t\t\t<div class=\"title-wrapper set-mb-s reset-last-child wd-title-color-default wd-title-style-default wd-title-size-default text-center\">\n\n\t\t\t\n\t\t\t<div class=\"liner-continer\">\n\t\t\t\t<h4 class=\"woodmart-title-container title wd-fontsize-l\">PINE TREE<\/h4> \n\t\t\t\t\t\t\t<\/div>\n\n\t\t\t\t\t\t\t<div class=\"title-after_title set-cont-mb-s reset-last-child wd-fontsize-xs\">\n\t\t\t\t\t<p>A traditional yet exclusive branded spirit based on high quality natural pine spirit.<\/p>\t\t\t\t<\/div>\n\t\t\t\t\t<\/div>\n\t\t\t\t<\/div>\n\t\t\t\t<\/div>\n\t\t\t\t<\/div>\n\t\t\t\t\t<\/div>\n\t\t\t\t<\/div>\n\t\t\t\t<\/div>\n\t\t","protected":false},"excerpt":{"rendered":"<p>PINE TREE A traditional yet exclusive branded spirit based on high quality natural pine spirit. From time immemorial, the inhabitants<\/p>\n","protected":false},"author":1,"featured_media":0,"parent":0,"menu_order":0,"comment_status":"closed","ping_status":"closed","template":"elementor_header_footer","meta":{"footnotes":""},"class_list":["post-28748","page","type-page","status-publish","hentry"],"_links":{"self":[{"href":"https:\/\/spisoriginal.sk\/en\/wp-json\/wp\/v2\/pages\/28748","targetHints":{"allow":["GET"]}}],"collection":[{"href":"https:\/\/spisoriginal.sk\/en\/wp-json\/wp\/v2\/pages"}],"about":[{"href":"https:\/\/spisoriginal.sk\/en\/wp-json\/wp\/v2\/types\/page"}],"author":[{"embeddable":true,"href":"https:\/\/spisoriginal.sk\/en\/wp-json\/wp\/v2\/users\/1"}],"replies":[{"embeddable":true,"href":"https:\/\/spisoriginal.sk\/en\/wp-json\/wp\/v2\/comments?post=28748"}],"version-history":[{"count":10,"href":"https:\/\/spisoriginal.sk\/en\/wp-json\/wp\/v2\/pages\/28748\/revisions"}],"predecessor-version":[{"id":28839,"href":"https:\/\/spisoriginal.sk\/en\/wp-json\/wp\/v2\/pages\/28748\/revisions\/28839"}],"wp:attachment":[{"href":"https:\/\/spisoriginal.sk\/en\/wp-json\/wp\/v2\/media?parent=28748"}],"curies":[{"name":"wp","href":"https:\/\/api.w.org\/{rel}","templated":true}]}}